{"id":65,"date":"2023-12-07T10:24:46","date_gmt":"2023-12-07T09:24:46","guid":{"rendered":"https:\/\/feedback.hfg-offenbach.de\/?page_id=65"},"modified":"2023-12-11T12:53:28","modified_gmt":"2023-12-11T11:53:28","slug":"anliegen-lehre","status":"publish","type":"page","link":"https:\/\/feedback.hfg-offenbach.de\/?page_id=65","title":{"rendered":"Anliegen &#8211; Lehre"},"content":{"rendered":"\n<h2 class=\"wp-block-heading has-text-align-center\">Lehre<\/h2>\n\n\n\n<div class=\"wpcf7 no-js\" id=\"wpcf7-f68-o1\" lang=\"de-DE\" dir=\"ltr\" data-wpcf7-id=\"68\">\n<div class=\"screen-reader-response\"><p role=\"status\" aria-live=\"polite\" aria-atomic=\"true\"><\/p> <ul><\/ul><\/div>\n<form action=\"\/index.php?rest_route=%2Fwp%2Fv2%2Fpages%2F65#wpcf7-f68-o1\" method=\"post\" class=\"wpcf7-form init wpcf7-acceptance-as-validation\" aria-label=\"Kontaktformular\" novalidate=\"novalidate\" data-status=\"init\">\n<fieldset class=\"hidden-fields-container\"><input type=\"hidden\" name=\"_wpcf7\" value=\"68\" \/><input type=\"hidden\" name=\"_wpcf7_version\" value=\"6.1.5\" \/><input type=\"hidden\" name=\"_wpcf7_locale\" value=\"de_DE\" \/><input type=\"hidden\" name=\"_wpcf7_unit_tag\" value=\"wpcf7-f68-o1\" \/><input type=\"hidden\" name=\"_wpcf7_container_post\" value=\"0\" \/><input type=\"hidden\" name=\"_wpcf7_posted_data_hash\" value=\"\" \/>\n<\/fieldset>\n<p><label> Name (optional)<br \/>\n<span class=\"wpcf7-form-control-wrap\" data-name=\"your-name\"><input size=\"40\" maxlength=\"400\" class=\"wpcf7-form-control wpcf7-text\" autocomplete=\"name\" aria-invalid=\"false\" value=\"\" type=\"text\" name=\"your-name\" \/><\/span> <\/label>\n<\/p>\n<p><label> E-Mail Adresse (optional)<br \/>\n<span class=\"wpcf7-form-control-wrap\" data-name=\"E-MailOption\"><input size=\"40\" maxlength=\"400\" class=\"wpcf7-form-control wpcf7-email wpcf7-text wpcf7-validates-as-email\" aria-invalid=\"false\" value=\"\" type=\"email\" name=\"E-MailOption\" \/><\/span> <\/label>\n<\/p>\n<p>Anliegen<br \/>\n<a href=\"https:\/\/feedback.hfg-offenbach.de\/?page_id=74\" aria-label=\"Allgemein\">Allgemein<\/a> | Lehre | <a href=\"https:\/\/feedback.hfg-offenbach.de\/?page_id=33\" aria-label=\"Gleichstellung\">Gleichstellung<\/a> | <a href=\"https:\/\/feedback.hfg-offenbach.de\/?page_id=63\" aria-label=\"Antidiskriminierung\">Antidiskriminierung<\/a>\n<\/p>\n<p><label> Betreff<br \/>\n<span class=\"wpcf7-form-control-wrap\" data-name=\"your-subject\"><input size=\"40\" maxlength=\"400\" class=\"wpcf7-form-control wpcf7-text wpcf7-validates-as-required\" aria-required=\"true\" aria-invalid=\"false\" value=\"\" type=\"text\" name=\"your-subject\" \/><\/span> <\/label>\n<\/p>\n<p><label> Nachricht<br \/>\n<span class=\"wpcf7-form-control-wrap\" data-name=\"your-message\"><textarea cols=\"40\" rows=\"10\" maxlength=\"2000\" class=\"wpcf7-form-control wpcf7-textarea wpcf7-validates-as-required\" aria-required=\"true\" aria-invalid=\"false\" name=\"your-message\"><\/textarea><\/span> <\/label>\n<\/p>\n<p><label> Test Dropdown Multi-select <\/label><br \/>\n<span class=\"wpcf7-form-control-wrap\" data-name=\"include_blank\"><select class=\"wpcf7-form-control wpcf7-select\" aria-invalid=\"false\" multiple=\"multiple\" name=\"include_blank[]\"><option value=\"Ethnischer Herkunft, rassistischer oder antisemitischer Zuschreibungen, der geschlechtlichen Identit\u00e4t und geschlechtlicher Zuschreibungen\">Ethnischer Herkunft, rassistischer oder antisemitischer Zuschreibungen, der geschlechtlichen Identit\u00e4t und geschlechtlicher Zuschreibungen<\/option><option value=\"Sexuellen Orientierung, einer Behinderung, chronischen Erkrankung oder einer psychischen bzw. seelischen Beeintr\u00e4chtigung\">Sexuellen Orientierung, einer Behinderung, chronischen Erkrankung oder einer psychischen bzw. seelischen Beeintr\u00e4chtigung<\/option><option value=\"Der sozialen Herkunft oder des sozialen Status, des Lebensalters, der Sprache, des Familienstatus oder einer Schwangerschaft\">Der sozialen Herkunft oder des sozialen Status, des Lebensalters, der Sprache, des Familienstatus oder einer Schwangerschaft<\/option><option value=\"der religi\u00f6sen und\/oder weltanschaulichen Orientierung oder politischen Gesinnung, des Aussehens\">der religi\u00f6sen und\/oder weltanschaulichen Orientierung oder politischen Gesinnung, des Aussehens<\/option><option value=\"Sexualisierte Bel\u00e4stigung: Anz\u00fcgliche Bemerkungen und Witze, Unerw\u00fcnschte k\u00f6rperliche Ber\u00fchrungen, sexualisierte \u00dcbergriffe, unerw\u00fcnschtes Zeigen pronografischer Filme, Bilder\">Sexualisierte Bel\u00e4stigung: Anz\u00fcgliche Bemerkungen und Witze, Unerw\u00fcnschte k\u00f6rperliche Ber\u00fchrungen, sexualisierte \u00dcbergriffe, unerw\u00fcnschtes Zeigen pronografischer Filme, Bilder<\/option><option value=\"Diebstahl geistigen Eigentums (wissenschaftliches Fehlverhalten)\">Diebstahl geistigen Eigentums (wissenschaftliches Fehlverhalten)<\/option><\/select><\/span>\n<\/p>\n<p>Ich habe zu Kenntnis genommen, dass die freiwillige Eingabe personenbezogener Daten in das Kontaktformular nicht Pflicht ist, jedoch den Feedbackbegleiter\/-innen die Einleitung des Feedback-Kl\u00e4rungsprozess erleichtert. Wenn keine freiwillige Eingabe personenbezogener Daten eingegeben sind, ist die Nachricht vollst\u00e4ndig anonym.\n<\/p>\n<p>Weitere Informationen zum Datenschutz k\u00f6nnen in unserer <a href=\"https:\/\/feedback.hfg-offenbach.de\/?page_id=3\" target=\"_blank\" rel=\"noreferrer noopener\" aria-label=\"Datenschutzerkl\u00e4rung (opens in new tab)\">Datenschutzerkl\u00e4rung<\/a>, nachgelesen werden.\n<\/p>\n<p>Bitte Zeichen: <input type=\"hidden\" name=\"_wpcf7_captcha_challenge_captcha-1\" value=\"3729195120\" \/><img loading=\"lazy\" decoding=\"async\" class=\"wpcf7-form-control wpcf7-captchac wpcf7-captcha-captcha-1\" width=\"72\" height=\"24\" alt=\"captcha\" src=\"https:\/\/feedback.hfg-offenbach.de\/wp-content\/uploads\/wpcf7_captcha\/3729195120.png\" \/><br \/>\nhier \u00fcbertragen <span class=\"wpcf7-form-control-wrap\" data-name=\"captcha-1\"><input size=\"40\" class=\"wpcf7-form-control wpcf7-captchar\" autocomplete=\"off\" aria-invalid=\"false\" value=\"\" type=\"text\" name=\"captcha-1\" \/><\/span>\n<\/p>\n<p><input class=\"wpcf7-form-control wpcf7-submit has-spinner\" type=\"submit\" value=\"Senden\" \/>\n<\/p><div class=\"wpcf7-response-output\" aria-hidden=\"true\"><\/div>\n<\/form>\n<\/div>\n\n","protected":false},"excerpt":{"rendered":"<p>Lehre<\/p>\n","protected":false},"author":2,"featured_media":0,"parent":0,"menu_order":2,"comment_status":"closed","ping_status":"closed","template":"","meta":{"footnotes":""},"class_list":["post-65","page","type-page","status-publish","hentry"],"_links":{"self":[{"href":"https:\/\/feedback.hfg-offenbach.de\/index.php?rest_route=\/wp\/v2\/pages\/65","targetHints":{"allow":["GET"]}}],"collection":[{"href":"https:\/\/feedback.hfg-offenbach.de\/index.php?rest_route=\/wp\/v2\/pages"}],"about":[{"href":"https:\/\/feedback.hfg-offenbach.de\/index.php?rest_route=\/wp\/v2\/types\/page"}],"author":[{"embeddable":true,"href":"https:\/\/feedback.hfg-offenbach.de\/index.php?rest_route=\/wp\/v2\/users\/2"}],"replies":[{"embeddable":true,"href":"https:\/\/feedback.hfg-offenbach.de\/index.php?rest_route=%2Fwp%2Fv2%2Fcomments&post=65"}],"version-history":[{"count":5,"href":"https:\/\/feedback.hfg-offenbach.de\/index.php?rest_route=\/wp\/v2\/pages\/65\/revisions"}],"predecessor-version":[{"id":87,"href":"https:\/\/feedback.hfg-offenbach.de\/index.php?rest_route=\/wp\/v2\/pages\/65\/revisions\/87"}],"wp:attachment":[{"href":"https:\/\/feedback.hfg-offenbach.de\/index.php?rest_route=%2Fwp%2Fv2%2Fmedia&parent=65"}],"curies":[{"name":"wp","href":"https:\/\/api.w.org\/{rel}","templated":true}]}}