{"id":3,"date":"2023-12-05T17:04:03","date_gmt":"2023-12-05T16:04:03","guid":{"rendered":"https:\/\/feedback.hfg-offenbach.de\/?page_id=3"},"modified":"2024-04-26T08:28:04","modified_gmt":"2024-04-26T06:28:04","slug":"datenschutzerklaerung","status":"publish","type":"page","link":"https:\/\/feedback.hfg-offenbach.de\/?page_id=3","title":{"rendered":"Datenschutzerkl\u00e4rung"},"content":{"rendered":"\n<h2 class=\"wp-block-heading\"><\/h2>\n\n\n\n<p><\/p>\n\n\n\n<h3 class=\"wp-block-heading\"><strong><em>Datenschutzhinweis zum Meinungsportal<\/em><\/strong><\/h3>\n\n\n\n<p><\/p>\n\n\n\n<p><em>Die von Ihnen angegebenen Daten werden von der Hochschule f\u00fcr Gestaltung Offenbach am Main (HfG, Schlo\u00dfstra\u00dfe 31, 63065 Offenbach am Main) automatisiert gespeichert. Den Datenschutzbeauftragten erreichen Sie \u00fcber <a href=\"mailto:datenschutz@hfg-offenbach.de\">datenschutz@hfg-offenbach.de<\/a>. Die Daten werden auf der Grundlage des Art. 6 Abs. 1 Datenschutz-Grundverordnung (DS-GVO) bzw. \u00a7 3 Hessisches Datenschutz- und Informationsfreiheitsgesetz (HDSIG) verarbeitet. Die Speicherung der Daten erfolgt ausschlie\u00dflich f\u00fcr Zwecke des Meinungsportals, eine Weitergabe der Daten an Dritte erfolgt nicht. Die L\u00f6schung Ihrer personenbezogenen Daten erfolgt am Ende des laufenden Semesters durch die HfG. Ge\u00e4u\u00dferte Vorschl\u00e4ge und Meinungen werden f\u00fcr Dokumentationsgr\u00fcnde anonymisiert aufbewahrt.&nbsp;<\/em><\/p>\n\n\n\n<p><em>Sie haben gem\u00e4\u00df Art. 15 der Datenschutz-Grundverordnung DS-GVO beziehungsweise \u00a7 52 HDSIG das Recht auf Auskunft \u00fcber Ihre von uns verarbeiteten personenbezogenen Daten, nach Art. 16 DS-GVO beziehungsweise \u00a7 53 HDSIG das Recht auf Berichtigung Ihre Daten und unter den Bedingungen des Art. 17 DS-GVO und der \u00a7\u00a7 34 und 53 HDSIG das Recht auf L\u00f6schung Ihrer personenbezogenen Daten, sowie das Recht auf Einschr\u00e4nkung der Verarbeitung gem\u00e4\u00df Art. 18 DS-GVO beziehungsweise<\/em><\/p>\n\n\n\n<p><em>\u00a7 53 HDSIG. Sie haben dar\u00fcber hinaus nach Art. 21 DS-GVO, \u00a7 35 HDSIG das Recht, aus Gr\u00fcnden, die sich aus Ihrer besonderen Situation ergeben, jederzeit der Verarbeitung der Sie betreffenden Daten zu widersprechen, ein Recht auf Schadensersatz und Entsch\u00e4digung \u00a7 78 HDSIG und Anrufung der oder des Hessischen Datenschutzbeauftragten \u00a7 55 HDSIG.&nbsp;<\/em><\/p>\n\n\n\n<p><\/p>\n\n\n\n<h2 class=\"wp-block-heading\"><\/h2>\n\n\n\n<p><\/p>\n\n\n\n<h2 class=\"wp-block-heading\"><\/h2>\n\n\n\n<p><\/p>\n\n\n\n<p><\/p>\n\n\n\n<h2 class=\"wp-block-heading\"><\/h2>\n\n\n\n<p><\/p>\n\n\n\n<p><\/p>\n\n\n\n<p><\/p>\n\n\n\n<h2 class=\"wp-block-heading\"><\/h2>\n\n\n\n<p><\/p>\n","protected":false},"excerpt":{"rendered":"<p>Datenschutzhinweis zum Meinungsportal Die von Ihnen angegebenen Daten werden von der Hochschule f\u00fcr Gestaltung Offenbach am Main (HfG, Schlo\u00dfstra\u00dfe 31, 63065 Offenbach am Main) automatisiert gespeichert. Den Datenschutzbeauftragten erreichen Sie \u00fcber datenschutz@hfg-offenbach.de. Die Daten werden auf der Grundlage des Art. 6 Abs. 1 Datenschutz-Grundverordnung (DS-GVO) bzw. \u00a7 3 Hessisches Datenschutz- und Informationsfreiheitsgesetz (HDSIG) verarbeitet. Die [&hellip;]<\/p>\n","protected":false},"author":1,"featured_media":0,"parent":0,"menu_order":5,"comment_status":"closed","ping_status":"open","template":"","meta":{"footnotes":""},"class_list":["post-3","page","type-page","status-publish","hentry"],"_links":{"self":[{"href":"https:\/\/feedback.hfg-offenbach.de\/index.php?rest_route=\/wp\/v2\/pages\/3","targetHints":{"allow":["GET"]}}],"collection":[{"href":"https:\/\/feedback.hfg-offenbach.de\/index.php?rest_route=\/wp\/v2\/pages"}],"about":[{"href":"https:\/\/feedback.hfg-offenbach.de\/index.php?rest_route=\/wp\/v2\/types\/page"}],"author":[{"embeddable":true,"href":"https:\/\/feedback.hfg-offenbach.de\/index.php?rest_route=\/wp\/v2\/users\/1"}],"replies":[{"embeddable":true,"href":"https:\/\/feedback.hfg-offenbach.de\/index.php?rest_route=%2Fwp%2Fv2%2Fcomments&post=3"}],"version-history":[{"count":3,"href":"https:\/\/feedback.hfg-offenbach.de\/index.php?rest_route=\/wp\/v2\/pages\/3\/revisions"}],"predecessor-version":[{"id":138,"href":"https:\/\/feedback.hfg-offenbach.de\/index.php?rest_route=\/wp\/v2\/pages\/3\/revisions\/138"}],"wp:attachment":[{"href":"https:\/\/feedback.hfg-offenbach.de\/index.php?rest_route=%2Fwp%2Fv2%2Fmedia&parent=3"}],"curies":[{"name":"wp","href":"https:\/\/api.w.org\/{rel}","templated":true}]}}